{"id":2379,"date":"2025-03-17T12:55:10","date_gmt":"2025-03-17T12:55:10","guid":{"rendered":"https:\/\/mpib.hostdev.eu\/?page_id=2379"},"modified":"2025-03-17T14:25:31","modified_gmt":"2025-03-17T14:25:31","slug":"politica-privacidad","status":"publish","type":"page","link":"https:\/\/mpib.hostdev.eu\/es\/politica-privacidad\/","title":{"rendered":"Pol\u00edtica de privacidad"},"content":{"rendered":"\t\t<div data-elementor-type=\"wp-page\" data-elementor-id=\"2379\" class=\"elementor elementor-2379\" data-elementor-post-type=\"page\">\n\t\t\t\t\t\t<section class=\"elementor-section elementor-top-section elementor-element elementor-element-38c5932 elementor-section-boxed elementor-section-height-default elementor-section-height-default\" data-id=\"38c5932\" data-element_type=\"section\">\n\t\t\t\t\t\t<div class=\"elementor-container elementor-column-gap-default\">\n\t\t\t\t\t<div class=\"elementor-column elementor-col-100 elementor-top-column elementor-element elementor-element-9b1daad\" data-id=\"9b1daad\" data-element_type=\"column\">\n\t\t\t<div class=\"elementor-widget-wrap elementor-element-populated\">\n\t\t\t\t\t\t<div class=\"elementor-element elementor-element-131abb4 elementor-widget elementor-widget-heading\" data-id=\"131abb4\" data-element_type=\"widget\" data-widget_type=\"heading.default\">\n\t\t\t\t<div class=\"elementor-widget-container\">\n\t\t\t\t\t<h1 class=\"elementor-heading-title elementor-size-default\">Pol\u00edtica de privacidad<\/h1>\t\t\t\t<\/div>\n\t\t\t\t<\/div>\n\t\t\t\t\t<\/div>\n\t\t<\/div>\n\t\t\t\t\t<\/div>\n\t\t<\/section>\n\t\t\t\t<section class=\"elementor-section elementor-top-section elementor-element elementor-element-5624de5 elementor-section-boxed elementor-section-height-default elementor-section-height-default\" data-id=\"5624de5\" data-element_type=\"section\" data-settings=\"{&quot;background_background&quot;:&quot;classic&quot;}\">\n\t\t\t\t\t\t<div class=\"elementor-container elementor-column-gap-default\">\n\t\t\t\t\t<div class=\"elementor-column elementor-col-100 elementor-top-column elementor-element elementor-element-5eeae91\" data-id=\"5eeae91\" data-element_type=\"column\">\n\t\t\t<div class=\"elementor-widget-wrap elementor-element-populated\">\n\t\t\t\t\t\t<div class=\"elementor-element elementor-element-4cb2f80 elementor-widget elementor-widget-text-editor\" data-id=\"4cb2f80\" data-element_type=\"widget\" data-widget_type=\"text-editor.default\">\n\t\t\t\t<div class=\"elementor-widget-container\">\n\t\t\t\t\t\t\t\t\t<p>La presente Pol\u00edtica de Privacidad regula la recogida y tratamiento de los datos personales que sean proporcionados por los Usuarios, cuando accedan, naveguen o hagan uso de las funcionalidades en el Sitio Web accesible desde la URL: https:\/\/www.mypublicinbox.com\/ (en adelante, el Sitio Web)<\/p><p>Cuando para la utilizaci\u00f3n o solicitud de alg\u00fan servicio sea necesario facilitar datos de car\u00e1cter personal, los usuarios garantizar\u00e1n su veracidad, exactitud, autenticidad y vigencia. En este sentido, ser\u00e1 obligaci\u00f3n de los usuarios mantener actualizados los datos de forma tal que correspondan a la realidad en cada momento.<\/p><p><b>1. Identidad del Responsable del Fichero<\/b><br \/>La informaci\u00f3n facilitada por el USUARIO a trav\u00e9s de cualquiera de los formularios del SITIO WEB o APLICACI\u00d3N M\u00d3VIL (App) ser\u00e1 incluida en uno o varios ficheros responsabilidad de MyPublicInbox, S.L. (en adelante, MyPublicInbox), con raz\u00f3n social en: Calle Juan Ram\u00f3n Jim\u00e9nez, 8 posterior, 28932 &#8211; M\u00f3stoles (Madrid).<\/p><p><b>2. Recolecci\u00f3n de la informaci\u00f3n en el presente SITIO WEB o App<\/b><br \/>MyPublicInbox recolecta informaci\u00f3n de identificaci\u00f3n personal del USUARIO, como su direcci\u00f3n de correo electr\u00f3nico (e-mail), nombre, fotograf\u00eda y tel\u00e9fono. MyPublicInbox tambi\u00e9n recaba informaci\u00f3n demogr\u00e1fica, como la edad y sexo, e informaci\u00f3n de sus redes sociales y m\u00e9ritos profesionales.<\/p><p>Tambi\u00e9n existe informaci\u00f3n acerca del hardware y software de su computador personal, que se recaba autom\u00e1ticamente por MyPublicInbox. Esta informaci\u00f3n puede incluir: su direcci\u00f3n IP, tipo de explorador de Internet usado, nombres de dominio, tiempos de acceso y direcciones de sitios Web que hacen referencia a \u00e9ste.<\/p><p>Por favor tenga en cuenta que, si el USUARIO divulga directamente informaci\u00f3n de identificaci\u00f3n personal o datos privados a trav\u00e9s de las herramientas de comunicaci\u00f3n en l\u00ednea ofrecidas por MyPublicInbox (mensajes intercambiados entre otros), dicha informaci\u00f3n puede ser recogida y usada por otros.<\/p><p><b>3. \u00bfC\u00f3mo usamos y moderamos los mensajes?<\/b><br \/>MyPublicInbox tendr\u00e1 acceso a los metadatos de los mensajes intercambiados (remitente, destinatario, fecha, estado\u2026) con el \u00fanico fin de informar correctamente a los participantes del estado de la comunicaci\u00f3n (recibido, le\u00eddo, respondido en plazo, sin respuesta\u2026)<\/p><p>Asimismo, MyPublicInbox podr\u00e1 revisar de forma autom\u00e1tica y sin intervenci\u00f3n humana el contenido de los mensajes para garantizar el cumplimiento de las Normas de Uso a fin dedetectar insultos, amenazas, acoso y potenciales actividades inapropiadas incluyendo delitos.<\/p><p><b>4. Finalidad del tratamiento de los datos<\/b><br \/>MyPublicInbox tratar\u00e1 la informaci\u00f3n facilitada por el USUARIO con distintas finalidades, dependiendo de la v\u00eda de recogida de los datos:<\/p><ul><li>Gestionar la relaci\u00f3n comercial establecida entre MyPublicInbox y el USUARIO.<\/li><li>Prestar los servicios solicitados por el USUARIO.<\/li><li>Gestionar, administrar, prestar, ampliar y mejorar los servicios que el USUARIO hubiese decidido solicitar.<\/li><li>Adecuar dichos servicios para mejorar su calidad de cara al USUARIO.<\/li><li>Dise\u00f1ar nuevos servicios relacionados con los anteriores.<\/li><li>Realizar estudios estad\u00edsticos que permitan dise\u00f1ar mejoras en los servicios prestados.<\/li><li>Enviar (a trav\u00e9s de correo, mailing, SMS, y cualquier canal de comunicaci\u00f3n) informaci\u00f3n requerida por el USUARIO.<\/li><li>Enviar (a trav\u00e9s de correo, mailing, SMS, y cualquier canal de comunicaci\u00f3n) informaci\u00f3n sobre modificaciones en los servicios contratados por el USUARIO.<\/li><li>Enviar (a trav\u00e9s de correo, mailing, SMS, y cualquier canal de contacto) informaci\u00f3n sobre nuevos productos o servicios similares a los contratados originalmente o que pudieran ser de su inter\u00e9s por cualquier medio, incluido el electr\u00f3nico, incluso cuando finalice la relaci\u00f3n comercial establecida entre MyPublicInbox y el USUARIO.<\/li><li>Enviar (a trav\u00e9s de correo, mailing, SMS, y cualquier canal de comunicaci\u00f3n) informaci\u00f3n sobre productos o servicios de MyPublicInbox.<\/li><\/ul><p>El USUARIO consiente el tratamiento de sus datos con las finalidades descritas, sin perjuicio del derecho que le asiste de revocar dicho consentimiento a trav\u00e9s de un correo electr\u00f3nico a la direcci\u00f3n info@mypublicinbox.com, identific\u00e1ndose como USUARIO de MyPublicInbox y concretando su solicitud.<\/p><p><strong>5. Publicidad directa en las comunicaciones enviadas por MyPublicInbox<\/strong><br \/>De acuerdo con la legislaci\u00f3n aplicable y, si es necesario, con el consentimiento del USUARIO, MyPublicInbox podr\u00e1 emplear la informaci\u00f3n que le sea proporcionada por el usuario en su P\u00e1gina Web\/App con fines de marketing directo a trav\u00e9s de correo electr\u00f3nico o sms (p.ej. (i) para que reciba sus boletines de noticias, newsletters, promociones, campa\u00f1as u otras comunicaciones que crean puedan ser de tu inter\u00e9s, o (ii)para enviarle publicidad directa en las plataformas de redes sociales o sitios y aplicaciones de terceros.<\/p><p>Por lo que respecta a los correos electr\u00f3nicos de notificaci\u00f3n de nuevo mensaje: el USUARIO podr\u00e1 retirar su consentimiento en cualquier momento desactivando la casilla correspondiente en la Edici\u00f3n de Perfil de su cuenta de USUARIO.<\/p><p><strong>6. Destinatarios de la informaci\u00f3n<\/strong><br \/>Los datos que el USUARIO haya facilitado a MyPublicInbox podr\u00e1n ser comunicados a los USUARIOS destinatarios de sus mensajes (Perfiles P\u00fablicos contactados) a trav\u00e9s del presente SITIO WEB o App con el fin de facilitar la comunicaci\u00f3n entre ambos.<\/p><p>El Perfil P\u00fablico que reciba un mensaje tendr\u00e1 acceso a la identidad y la informaci\u00f3n de registro del CONTACTADOR que le haya contactado. No obstante lo anterior, en ning\u00fan caso se ceder\u00e1n los datos a otras terceras personas, salvo que:<\/p><ul><li>La cesi\u00f3n est\u00e9 autorizada en una ley.<\/li><li>El tratamiento responda a la libre y leg\u00edtima aceptaci\u00f3n de una relaci\u00f3n jur\u00eddica cuyo desarrollo, cumplimiento y control implique necesariamente la conexi\u00f3n de dicho tratamiento con ficheros de terceros, como por ejemplo, entidades bancarias para la facturaci\u00f3n de los productos o servicios contratados o empresas de mensajer\u00eda para el env\u00edo de productos solicitados.<\/li><li>Los datos que sean solicitados por el Defensor del Pueblo, el Ministerio Fiscal o los Jueces o Tribunales o el Tribunal de Cuentas, en el ejercicio de las funciones que tienen atribuidas.<\/li><\/ul><p><strong>7. Car\u00e1cter obligatorio o facultativo de la informaci\u00f3n solicitada<\/strong><br \/>Los datos obligatorios de cada formulario ser\u00e1n identificados como tales en el propio formulario. La negativa a suministrar dicha informaci\u00f3n impedir\u00e1 hacer efectivo el servicio solicitado por el USUARIO.<\/p><p><strong>8. Ejercicio de derechos<\/strong><br \/>El USUARIO podr\u00e1 ejercer sus derechos de acceso, rectificaci\u00f3n, cancelaci\u00f3n y oposici\u00f3n a trav\u00e9s de un correo electr\u00f3nico a la direcci\u00f3n info@mypublicinbox.com, identific\u00e1ndose como USUARIO del SITIO WEB y\/o App y concretando su solicitud.<\/p><p><strong>9. Compromisos del USUARIO<\/strong><br \/>El USUARIO garantiza que la informaci\u00f3n facilitada es exacta y veraz.<\/p><p>El USUARIO se compromete a informar a MyPublicInbox de cualquier modificaci\u00f3n que sufra la informaci\u00f3n facilitada a trav\u00e9s de un correo electr\u00f3nico a la direcci\u00f3n info@mypublicinbox.com, identific\u00e1ndose como USUARIO del SITIO WEB y\/o App y concretando la informaci\u00f3n que deba ser modificada.<\/p><p>Asimismo, el USUARIO se compromete a guardar las claves y c\u00f3digos de identificaci\u00f3n en secreto y a informar en la mayor brevedad de tiempo a MyPublicInbox en caso de p\u00e9rdida, sustracci\u00f3n o acceso no autorizado. En tanto no se produzca esa comunicaci\u00f3n, MyPublicInbox quedar\u00e1 eximida de toda responsabilidad que pudiera derivarse del uso indebido por terceros no autorizados de tales contrase\u00f1as y c\u00f3digos identificativos.<\/p><p><strong>10. Datos de terceros facilitados por el USUARIO<\/strong><br \/>En caso de que el USUARIO facilite datos personales de terceras personas con cualquier finalidad, garantiza haber informado previamente a los afectados y haber obtenido su consentimiento para la comunicaci\u00f3n de sus datos a MyPublicInbox.<\/p><p>En caso de que se deriven responsabilidades por un incumplimiento de estas condiciones por parte del USUARIO, deber\u00e1 responder de las consecuencias de dicho incumplimiento.<\/p><p><strong>11. Cookies y archivos de seguimiento<\/strong><br \/>El USUARIO acepta el uso de cookies y archivos de seguimiento de direcciones IP cuyo uso permite a MyPublicInbox recoger datos a efectos estad\u00edsticos como: fecha de la primera visita, n\u00famero de veces que se ha visitado, fecha de la \u00faltima visita, URL y dominio de la que proviene, explorador utilizado y resoluci\u00f3n de la pantalla.<\/p><p>El USUARIO tiene la opci\u00f3n de impedir la generaci\u00f3n de cookies, mediante la selecci\u00f3n de la correspondiente opci\u00f3n en su programa navegador. Sin embargo, MyPublicInbox no se responsabiliza de que la desactivaci\u00f3n de los mismos impida el buen funcionamiento de la p\u00e1gina. La informaci\u00f3n obtenida es totalmente an\u00f3nima, y en ning\u00fan caso puede ser asociada a un usuario concreto e identificado.<\/p><p><strong>12. Medidas de seguridad<\/strong><br \/>MyPublicInbox ha adoptado las medidas de \u00edndole t\u00e9cnica y organizativas necesarias que garanticen la seguridad de los datos de car\u00e1cter personal y eviten su alteraci\u00f3n, p\u00e9rdida, tratamiento o acceso no autorizado, habida cuenta del estado de la tecnolog\u00eda, la naturaleza de los datos almacenados y los riesgos a que est\u00e9n expuestos, ya provengan de la acci\u00f3n humana o del medio f\u00edsico o natural.<\/p><p>No obstante, el USUARIO debe ser consciente de que las medidas de seguridad en Internet no son inexpugnables.<\/p><p><strong>13. Modificaciones en la Pol\u00edtica de Privacidad<\/strong><br \/>Cualquier modificaci\u00f3n que MyPublicInbox realice en su Pol\u00edtica de Privacidad se publicar\u00e1 en esta p\u00e1gina. Cuando corresponda, le ser\u00e1 notificado al USUARIO o se pedir\u00e1 su consentimiento. El USUARIO deber\u00e1 comprobar peri\u00f3dicamente si existe alguna actualizaci\u00f3n o modificaci\u00f3n en esta Pol\u00edtica de Privacidad.<\/p>\t\t\t\t\t\t\t\t<\/div>\n\t\t\t\t<\/div>\n\t\t\t\t\t<\/div>\n\t\t<\/div>\n\t\t\t\t\t<\/div>\n\t\t<\/section>\n\t\t\t\t<\/div>\n\t\t","protected":false},"excerpt":{"rendered":"<p>Pol\u00edtica de privacidad La presente Pol\u00edtica de Privacidad regula la recogida y tratamiento de los datos personales que sean proporcionados por los Usuarios, cuando accedan, naveguen o hagan uso de las funcionalidades en el Sitio Web accesible desde la URL: https:\/\/www.mypublicinbox.com\/ (en adelante, el Sitio Web) Cuando para la utilizaci\u00f3n o solicitud de alg\u00fan servicio [&hellip;]<\/p>\n","protected":false},"author":1,"featured_media":0,"parent":0,"menu_order":0,"comment_status":"closed","ping_status":"closed","template":"","meta":{"inline_featured_image":false,"footnotes":""},"class_list":["post-2379","page","type-page","status-publish","hentry"],"_links":{"self":[{"href":"https:\/\/mpib.hostdev.eu\/es\/wp-json\/wp\/v2\/pages\/2379","targetHints":{"allow":["GET"]}}],"collection":[{"href":"https:\/\/mpib.hostdev.eu\/es\/wp-json\/wp\/v2\/pages"}],"about":[{"href":"https:\/\/mpib.hostdev.eu\/es\/wp-json\/wp\/v2\/types\/page"}],"author":[{"embeddable":true,"href":"https:\/\/mpib.hostdev.eu\/es\/wp-json\/wp\/v2\/users\/1"}],"replies":[{"embeddable":true,"href":"https:\/\/mpib.hostdev.eu\/es\/wp-json\/wp\/v2\/comments?post=2379"}],"version-history":[{"count":10,"href":"https:\/\/mpib.hostdev.eu\/es\/wp-json\/wp\/v2\/pages\/2379\/revisions"}],"predecessor-version":[{"id":2392,"href":"https:\/\/mpib.hostdev.eu\/es\/wp-json\/wp\/v2\/pages\/2379\/revisions\/2392"}],"wp:attachment":[{"href":"https:\/\/mpib.hostdev.eu\/es\/wp-json\/wp\/v2\/media?parent=2379"}],"curies":[{"name":"wp","href":"https:\/\/api.w.org\/{rel}","templated":true}]}}